{"id":8,"date":"2019-05-07T09:52:48","date_gmt":"2019-05-07T09:52:48","guid":{"rendered":"https:\/\/ra-spethmann.de\/?page_id=8"},"modified":"2019-05-21T10:54:32","modified_gmt":"2019-05-21T10:54:32","slug":"startseite","status":"publish","type":"page","link":"https:\/\/ra-spethmann.de\/","title":{"rendered":"Herzlich willkommen"},"content":{"rendered":"\n<p> Wir freuen uns, Sie auf unserer Internetpr\u00e4senz begr\u00fc\u00dfen zu d\u00fcrfen.<br> Auf den folgenden Seiten m\u00f6chten wir uns Ihnen als Personen, unsere Arbeit und die T\u00e4tigkeitsschwerpunkte unserer Kanzlei vorstellen.<\/p>\n\n\n\n<p>Es ist f\u00fcr uns nicht nur wichtig, die bestm\u00f6gliche Leistung f\u00fcr Sie in vertretbarer Zeit zu erbringen, sondern auch eine kompetente L\u00f6sung zu entwickeln, die auf jeden Mandanten individuell zugeschnitten ist. Dazu interessiert uns auch der Mensch hinter dem Fall, denn sein Leben und seine Bed\u00fcrfnisse geben uns die Richtung einer rechtlichen L\u00f6sung vor. <\/p>\n\n\n\n<p>Um die Qualit\u00e4t unserer Arbeit zu sichern und eine fach\u00fcbergreifende Beachtung der Rechtsmaterien zu gew\u00e4hrleisten, qualifizieren wir uns durch regelm\u00e4\u00dfige Fortbildungen. Im Bedarfsfall k\u00f6nnen wir auf externe Spezialisten zur\u00fcckgreifen, wir bleiben hierbei jedoch stets Ihr individueller Betreuer und verantwortlicher Ansprechpartner.<br> <br>F\u00fcr Fragen und Anregungen stehen wir Ihnen gerne zur Verf\u00fcgung.<br>Wir freuen uns auf Ihre Nachricht!<\/p>\n\n\n\n<p>Sven-Oliver Spethmann<\/p>\n\n\n\n<p><\/p>\n\n\n\n<p>Viviane Spethmann<\/p>\n\n\n\n<p><\/p>\n","protected":false},"excerpt":{"rendered":"<p>Wir freuen uns, Sie auf unserer Internetpr\u00e4senz begr\u00fc\u00dfen zu d\u00fcrfen. Auf den folgenden Seiten m\u00f6chten wir uns Ihnen als Personen, unsere Arbeit und die T\u00e4tigkeitsschwerpunkte unserer Kanzlei vorstellen. Es ist f\u00fcr uns nicht nur wichtig, die bestm\u00f6gliche Leistung f\u00fcr Sie in vertretbarer Zeit zu erbringen, sondern auch eine kompetente L\u00f6sung zu entwickeln, die auf jeden &hellip; <\/p>\n<p class=\"link-more\"><a href=\"https:\/\/ra-spethmann.de\/\" class=\"more-link\"><span class=\"screen-reader-text\">\u201eHerzlich willkommen\u201c <\/span>weiterlesen<\/a><\/p>\n","protected":false},"author":1,"featured_media":0,"parent":0,"menu_order":0,"comment_status":"closed","ping_status":"closed","template":"","meta":{"footnotes":""},"class_list":["post-8","page","type-page","status-publish","hentry"],"_links":{"self":[{"href":"https:\/\/ra-spethmann.de\/index.php\/wp-json\/wp\/v2\/pages\/8"}],"collection":[{"href":"https:\/\/ra-spethmann.de\/index.php\/wp-json\/wp\/v2\/pages"}],"about":[{"href":"https:\/\/ra-spethmann.de\/index.php\/wp-json\/wp\/v2\/types\/page"}],"author":[{"embeddable":true,"href":"https:\/\/ra-spethmann.de\/index.php\/wp-json\/wp\/v2\/users\/1"}],"replies":[{"embeddable":true,"href":"https:\/\/ra-spethmann.de\/index.php\/wp-json\/wp\/v2\/comments?post=8"}],"version-history":[{"count":9,"href":"https:\/\/ra-spethmann.de\/index.php\/wp-json\/wp\/v2\/pages\/8\/revisions"}],"predecessor-version":[{"id":125,"href":"https:\/\/ra-spethmann.de\/index.php\/wp-json\/wp\/v2\/pages\/8\/revisions\/125"}],"wp:attachment":[{"href":"https:\/\/ra-spethmann.de\/index.php\/wp-json\/wp\/v2\/media?parent=8"}],"curies":[{"name":"wp","href":"https:\/\/api.w.org\/{rel}","templated":true}]}}