{"id":134,"date":"2019-05-21T16:32:57","date_gmt":"2019-05-21T16:32:57","guid":{"rendered":"https:\/\/ra-spethmann.de\/?page_id=134"},"modified":"2019-05-21T16:47:01","modified_gmt":"2019-05-21T16:47:01","slug":"disclaimer","status":"publish","type":"page","link":"https:\/\/ra-spethmann.de\/index.php\/disclaimer\/","title":{"rendered":"Disclaimer"},"content":{"rendered":"\n<h2 class=\"wp-block-heading\"><\/h2>\n\n\n\n<p>Vertretungsberechtigte Person gem. \u00a7 5 TMG: Sven Oliver Spethmann<br>Verantwortlich im Sinne von \u00a7 55 II RStV: Sven Oliver Spethmann<\/p>\n\n\n\n<p><strong>Sitz und Registrierung<\/strong><\/p>\n\n\n\n<p>Spethmann &amp; Partner Rechtsanw\u00e4lte, Partnerschaftsgesellschaft ist eine Partnerschaft nach Ma\u00dfgabe des Partnerschaftsgesellschaftsgesetztes mit Sitz in Hamburg, eingetragen im Partnerschaftsregister des Amtsgerichts Hamburg unter PR 770.<\/p>\n\n\n\n<p><strong>Vertretungsberechtigte Partner:<\/strong><\/p>\n\n\n\n<p>Viviane Spethmann-Berssenbr\u00fcgge<\/p>\n\n\n\n<p>Sven-Oliver Spethmann<\/p>\n\n\n\n<p><strong>Zulassung<\/strong><\/p>\n\n\n\n<p>Die in der Partnerschaftsgesellschaft t\u00e4tigen Rechtsanw\u00e4lte sind nach dem Recht der Bundesrepublik Deutschland zugelassen.<\/p>\n\n\n\n<p>Sie sind Mitglieder der Hanseatischen Rechtsanwaltskammer, Bleichenbr\u00fccke 9, 20354 Hamburg, &nbsp;<a href=\"http:\/\/www.rechtsanwaltskammerhamburg.de\/\">www.rechtsanwaltskammerhamburg.de&nbsp;<\/a>&nbsp;und unterliegen ihrer Aufsicht.<\/p>\n\n\n\n<p><strong>Berufsrechtliche Regelungen<\/strong><\/p>\n\n\n\n<p>Die ma\u00dfgeblichen berufsrechtlichen Regelungen sind im Wesentlichen:<\/p>\n\n\n\n<p>\u2013 Bundesrechtsanwaltsordnung (BRAO)<\/p>\n\n\n\n<p>\u2013 Berufsordnung (BORA)<\/p>\n\n\n\n<p>\u2013 Rechtsanwaltsverg\u00fctungsgesetz (RVG)<\/p>\n\n\n\n<p>\u2013 Berufsregeln der Rechtsanw\u00e4lte in der Europ\u00e4ischen Union<\/p>\n\n\n\n<p>\u2013 Fachanwaltsordnung (FAO)<\/p>\n\n\n\n<p>Die berufsrechtlichen Regelungen k\u00f6nnen \u00fcber die Homepage der Bundesrechtsanwalts-kammer www.brak.de [verlinken!] in der Rubrik \u201eBerufsrecht\u201d in Deutsch und Englisch abgerufen werden.<\/p>\n\n\n\n<p><strong>Au\u00dfergerichtliche Streitschlichtung<br><\/strong>Bei Streitigkeiten zwischen Rechtsanw\u00e4lten und ihren Auftraggebern besteht auf Antrag die M\u00f6glichkeit der au\u00dfergerichtlichen Streitschlichtung bei den jeweiligen Rechtsanwaltskammern (gem\u00e4\u00df \u00a7 73 Abs. 2 Nr. 3 i.V.m. \u00a7 73 Abs. 5 BRAO) oder bei der Schlichtungsstelle der Rechtsanwaltschaft (\u00a7 191 f. BRAO) bei der Bundesrechtsanwaltskammer, im Internet zu finden \u00fcber die Homepage der Bundesrechtsanwaltskammer (<a href=\"http:\/\/www.brak.de\/\">www.brak.de<\/a>), E-Mail: schlichtungsstelle@brak.de.<\/p>\n\n\n\n<p><strong>Haftung f\u00fcr Inhalte<\/strong><\/p>\n\n\n\n<p>Die Informationen auf den Webseiten der Partnerschaftsgesellschaft dienen ausschlie\u00dflich der allgemeinen Information; sie beinhalten keinerlei Rechtsberatung oder Fachauskunft. Die Partnerschaftsgesellschaft \u00fcbernimmt weder Verantwortung noch irgendeine Haftung f\u00fcr Nachteile, die auf die Benutzung von Informationen dieser Webseiten zur\u00fcckgef\u00fchrt werden k\u00f6nnen.<\/p>\n\n\n\n<p>Trotz sorgf\u00e4ltiger inhaltlicher Kontrolle wird keine Haftung f\u00fcr die Inhalte externer Links \u00fcbernommen. F\u00fcr den Inhalt der verlinkten Seiten sind ausschlie\u00dflich deren Betreiber verantwortlich.<\/p>\n\n\n\n<p><strong>Urheberrecht<\/strong><\/p>\n\n\n\n<p>Alle Texte und Bilder der Webseiten der Partnerschaftsgesellschaft unterliegen dem Urheberrecht. Die unerlaubte Verwendung einzelner Inhalte oder kompletter Seiten wird straf- und zivilrechtlich verfolgt.<\/p>\n\n\n\n<p>Das Herunterladen oder Ausdrucken einzelner Seiten und\/oder Teilbereiche der Webseiten f\u00fcr den privaten Gebrauch ist gestattet. Das vollst\u00e4ndige oder teilweise Reproduzieren, Verbreiten, \u00dcbermitteln (elektronisch oder auf andere Weise), Modifizieren oder Benutzen dieser Website f\u00fcr \u00f6ffentliche oder kommerzielle Zwecke hingegen ist ohne unsere vorherige schriftliche Zustimmung untersagt.<\/p>\n\n\n\n<p><strong>Datenschutz<\/strong><\/p>\n\n\n\n<p>Die Nut\u00adzung un\u00adse\u00adrer Web\u00adsei\u00adten ist in der Re\u00adgel oh\u00adne An\u00adga\u00adbe per\u00adso\u00adnen\u00adbe\u00adzo\u00adge\u00adner Da\u00adten m\u00f6g\u00adlich. So\u00adweit auf un\u00adse\u00adren Sei\u00adten per\u00adso\u00adnen\u00adbe\u00adzo\u00adge\u00adne Da\u00adten (bei\u00adspiels\u00adwei\u00adse Na\u00adme, An\u00adschrift oder E-Mail-Adres\u00adsen) er\u00adho\u00adben wer\u00adden, er\u00adfolgt dies, so weit m\u00f6g\u00adlich, stets auf frei\u00adwil\u00adli\u00adger Ba\u00adsis. Die\u00adse Da\u00adten wer\u00adden oh\u00adne Ih\u00adre aus\u00addr\u00fcck\u00adli\u00adche Zu\u00adstim\u00admung nicht an Drit\u00adte wei\u00adter\u00adge\u00adge\u00adben.<\/p>\n\n\n\n<p>Die Nut\u00adzung von ver\u00ad\u00f6f\u00adfent\u00adlich\u00adten Kont\u00adakt\u00adda\u00adten durch Drit\u00adte zur \u00dcber\u00adsen\u00addung von nicht aus\u00addr\u00fcck\u00adlich an\u00adge\u00adfor\u00adder\u00adter Wer\u00adbung und In\u00adfor\u00adma\u00adtions\u00adma\u00adte\u00adria\u00adlien wird hier\u00admit aus\u00addr\u00fcck\u00adlich wi\u00adder\u00adspro\u00adchen. Die Partnerschaftsgesellschaft beh\u00e4lt sich aus\u00addr\u00fcck\u00adlich recht\u00adli\u00adche Schrit\u00adte im Fal\u00adle der un\u00adver\u00adlang\u00adten Zu\u00adsen\u00addung von Werb\u00adein\u00adfor\u00adma\u00adtion vor, et\u00adwa durch Spam-Mails.<\/p>\n\n\n\n<p><strong>Verlinkung<\/strong><\/p>\n\n\n\n<p>Die Webseiten der Partnerschaftsgesellschaft d\u00fcrfen nicht ohne schriftliche Erlaubnis direkt verlinkt werden. Generell untersagt ist die Verlinkung in einem Frame bei der mehr als Urheber erkennbar ist.<\/p>\n","protected":false},"excerpt":{"rendered":"<p>Vertretungsberechtigte Person gem. \u00a7 5 TMG: Sven Oliver SpethmannVerantwortlich im Sinne von \u00a7 55 II RStV: Sven Oliver Spethmann Sitz und Registrierung Spethmann &amp; Partner Rechtsanw\u00e4lte, Partnerschaftsgesellschaft ist eine Partnerschaft nach Ma\u00dfgabe des Partnerschaftsgesellschaftsgesetztes mit Sitz in Hamburg, eingetragen im Partnerschaftsregister des Amtsgerichts Hamburg unter PR 770. Vertretungsberechtigte Partner: Viviane Spethmann-Berssenbr\u00fcgge Sven-Oliver Spethmann Zulassung Die &hellip; <\/p>\n<p class=\"link-more\"><a href=\"https:\/\/ra-spethmann.de\/index.php\/disclaimer\/\" class=\"more-link\"><span class=\"screen-reader-text\">\u201eDisclaimer\u201c <\/span>weiterlesen<\/a><\/p>\n","protected":false},"author":1,"featured_media":0,"parent":0,"menu_order":0,"comment_status":"closed","ping_status":"closed","template":"","meta":{"footnotes":""},"class_list":["post-134","page","type-page","status-publish","hentry"],"_links":{"self":[{"href":"https:\/\/ra-spethmann.de\/index.php\/wp-json\/wp\/v2\/pages\/134"}],"collection":[{"href":"https:\/\/ra-spethmann.de\/index.php\/wp-json\/wp\/v2\/pages"}],"about":[{"href":"https:\/\/ra-spethmann.de\/index.php\/wp-json\/wp\/v2\/types\/page"}],"author":[{"embeddable":true,"href":"https:\/\/ra-spethmann.de\/index.php\/wp-json\/wp\/v2\/users\/1"}],"replies":[{"embeddable":true,"href":"https:\/\/ra-spethmann.de\/index.php\/wp-json\/wp\/v2\/comments?post=134"}],"version-history":[{"count":6,"href":"https:\/\/ra-spethmann.de\/index.php\/wp-json\/wp\/v2\/pages\/134\/revisions"}],"predecessor-version":[{"id":146,"href":"https:\/\/ra-spethmann.de\/index.php\/wp-json\/wp\/v2\/pages\/134\/revisions\/146"}],"wp:attachment":[{"href":"https:\/\/ra-spethmann.de\/index.php\/wp-json\/wp\/v2\/media?parent=134"}],"curies":[{"name":"wp","href":"https:\/\/api.w.org\/{rel}","templated":true}]}}